{"id":384,"date":"2023-09-07T02:21:04","date_gmt":"2023-09-07T02:21:04","guid":{"rendered":"https:\/\/globalapexcard.com\/index.php\/login\/"},"modified":"2023-09-07T02:24:33","modified_gmt":"2023-09-07T02:24:33","slug":"login","status":"publish","type":"page","link":"https:\/\/globalapexcard.com\/index.php\/login\/","title":{"rendered":"Login"},"content":{"rendered":"<div class=\"login bckgrnd-583C9A\">\n<div class=\"container\">\n<div class=\"bordertest\"><\/div>\n<div class=\"login-content\">\n<div class=\"logo\">\n<p><img decoding=\"async\" src=\"Login_files\/logo negro.png\" \/><\/p>\n<\/div>\n<div class=\"login-form\">\n<form id=\"formId\" action=\"https:\/\/mswipe.viacarte.com\/Master_Admin\/loginPost\" method=\"post\">\n<div class=\"form-group\"><label for=\"name\">Nombre de usuario<\/label><br \/>\n<input id=\"usernameId\" class=\"form-control\" autocomplete=\"off\" name=\"loginUsername\" type=\"text\" placeholder=\"Introduzca su nombre de usuario\" \/><br \/>\n<span id=\"error_contact\" class=\"error\"><\/span><\/div>\n<div class=\"form-group\"><label for=\"name\">Contrase\u00f1a<\/label><br \/>\n<input id=\"passwordId\" class=\"form-control\" autocomplete=\"off\" name=\"loginPassword\" type=\"password\" placeholder=\"Introduzca su contrase\u00f1a\" \/><br \/>\n<span id=\"error_password\" class=\"error\"><\/span><\/div>\n<p><input id=\"lang_type\" name=\"locale\" type=\"hidden\" value=\"en\" \/><br \/>\n<input id=\"clienturlCodeId\" type=\"hidden\" value=\"mswipe\" \/><\/p>\n<div class=\"form-group\"><a class=\"btn otp-bton bckgrnd-583C9A\" type=\"button\" data-toggle=\"modal\">Env\u00ede<\/a><\/div>\n<div class=\"login-link\"><a class=\"f-left\" style=\"color: #ff4fa0;\" href=\"https:\/\/mswipe.viacarte.com\/User\/forgetPassword\">\u00bfContrase\u00f1a?<\/a><br \/>\n<a class=\"f-right\" data-toggle=\"modal\">Nueva cuenta<\/a><\/div>\n<\/form>\n<\/div>\n<\/div>\n<p>\u00a9 <script type=\"text\/javascript\"><![CDATA[document.write(new Date().getFullYear())]]><\/script>20232023 Global Apexcard, Inc. All Rights Reserved.<\/p>\n<\/div>\n<\/div>\n<p><!-- Send OTP Modal --><\/p>\n<div id=\"sendOtpModal\" class=\"modal fade\" tabindex=\"-1\" role=\"dialog\" aria-labelledby=\"sendOtpModalCenterTitle\" aria-hidden=\"true\">\n<div class=\"modal-dialog modal-dialog-centered \" role=\"document\">\n<div class=\"modal-content\">\n<div class=\"modal-header\">\n<h5 id=\"exampleModalCenterTitle\" class=\"modal-title\">Verificaci\u00f3n de la contrase\u00f1a de una sola vez<\/h5>\n<\/div>\n<div class=\"modal-body\">\n<div class=\"otp_wrapper\">\n<div id=\"sendotpId\">\n<div class=\"login_method\">\n<div class=\"email_otp\">\n<div class=\"mail\"><input id=\"email_radioid\" class=\"radioBtn\" name=\"otp\" type=\"radio\" value=\"email\" \/><br \/>\n<img decoding=\"async\" style=\"width: 60%;\" src=\".\/Login_files\/mail-icon.png\" \/><br \/>\n<label>Correo electr\u00f3nico<\/label><\/div>\n<\/div>\n<div class=\"mobile_otp\">\n<div class=\"sms\"><input id=\"mobile_radioid\" class=\"radioBtn\" name=\"otp\" type=\"radio\" value=\"mobile\" \/><br \/>\n<img decoding=\"async\" style=\"width: 60%;\" src=\".\/Login_files\/mobile-icon.png\" \/><br \/>\n<label>M\u00f3vil<\/label><\/div>\n<\/div>\n<\/div>\n<div class=\"text-center mb-2\"><\/div>\n<div class=\"auth_btn\"><button class=\"btn btn-primary bckgrnd-brdr-583C9A\" type=\"button\">Env\u00ede a la OTP <\/button><\/div>\n<\/div>\n<p><!-- otp form --><\/p>\n<div class=\"otp_form\" style=\"display: none;\">\n<div class=\"user_auth\">\n<div class=\"otp_send\"><span id=\"otpSend\" class=\"success\">OTP enviado con \u00e9xito<\/span><\/div>\n<form>\n<div class=\"form-group\"><label class=\"sr-only\" for=\"otp\">Introduzca una contrase\u00f1a de una sola vez<\/label><br \/>\n<input id=\"otpNo\" class=\"form-control\" autocomplete=\"off\" maxlength=\"6\" name=\"\" type=\"password\" placeholder=\"Introduzca una contrase\u00f1a de una sola vez\" \/><br \/>\n<span id=\"otpError\" class=\"error\"><\/span><br \/>\n<span id=\"otpMesg\" class=\"error\"><\/span><br \/>\n<small id=\"timer\" style=\"font-size: 75%; margin-top: 2px; color: #0c4da1; text-align: center;\"><\/small><\/div>\n<div class=\"form-group\">\n<div class=\"usr_authenticate\">\n<div class=\"auth_btn\"><button id=\"submitButton\" class=\"btn btn-primary btn-block bckgrnd-brdr-583C9A\" type=\"button\">Env\u00ede <\/button><\/div>\n<div class=\"auth_btn\"><button class=\"btn btn-primary btn-block bckgrnd-brdr-583C9A\" type=\"button\">Reenviar <\/button><\/div>\n<\/div>\n<\/div>\n<\/form>\n<\/div>\n<\/div>\n<\/div>\n<\/div>\n<\/div>\n<\/div>\n<\/div>\n<div id=\"InviteModal\" class=\"modal fade\" tabindex=\"-1\" role=\"dialog\" aria-labelledby=\"sendOtpModalCenterTitle\" aria-hidden=\"true\">\n<div class=\"modal-dialog modal-dialog-centered \" role=\"document\">\n<div class=\"modal-content\">\n<div class=\"modal-header\">\n<h5 id=\"exampleModalCenterTitle\" class=\"modal-title\">Verificaci\u00f3n del c\u00f3digo de invitaci\u00f3n<\/h5>\n<\/div>\n<\/div>\n<\/div>\n<\/div>\n","protected":false},"excerpt":{"rendered":"<p>Portal de Viacarte<\/p>\n","protected":false},"author":1,"featured_media":0,"parent":0,"menu_order":0,"comment_status":"closed","ping_status":"closed","template":"","meta":{"footnotes":""},"class_list":["post-384","page","type-page","status-publish","hentry"],"acf":[],"_links":{"self":[{"href":"https:\/\/globalapexcard.com\/index.php\/wp-json\/wp\/v2\/pages\/384","targetHints":{"allow":["GET"]}}],"collection":[{"href":"https:\/\/globalapexcard.com\/index.php\/wp-json\/wp\/v2\/pages"}],"about":[{"href":"https:\/\/globalapexcard.com\/index.php\/wp-json\/wp\/v2\/types\/page"}],"author":[{"embeddable":true,"href":"https:\/\/globalapexcard.com\/index.php\/wp-json\/wp\/v2\/users\/1"}],"replies":[{"embeddable":true,"href":"https:\/\/globalapexcard.com\/index.php\/wp-json\/wp\/v2\/comments?post=384"}],"version-history":[{"count":1,"href":"https:\/\/globalapexcard.com\/index.php\/wp-json\/wp\/v2\/pages\/384\/revisions"}],"predecessor-version":[{"id":385,"href":"https:\/\/globalapexcard.com\/index.php\/wp-json\/wp\/v2\/pages\/384\/revisions\/385"}],"wp:attachment":[{"href":"https:\/\/globalapexcard.com\/index.php\/wp-json\/wp\/v2\/media?parent=384"}],"curies":[{"name":"wp","href":"https:\/\/api.w.org\/{rel}","templated":true}]}}